{"id":8380,"date":"2017-11-11T23:42:14","date_gmt":"2017-11-11T22:42:14","guid":{"rendered":"https:\/\/aquagrif.com\/?page_id=8380"},"modified":"2021-02-09T11:26:03","modified_gmt":"2021-02-09T10:26:03","slug":"politica-de-cookies","status":"publish","type":"page","link":"https:\/\/aquagrif.com\/it\/politica-de-cookies\/","title":{"rendered":"Cookies policy"},"content":{"rendered":"<h1 id=\"h1_privacidad\">Definici\u00f3n y funci\u00f3n de las cookies<\/h1>\r\n<h2 id=\"h2_privacidad\">1. \u00bfQu\u00e9 son las cookies?<\/h2>\r\n<p class=\"p_privacidad\">Una cookie es un fichero que se descarga en su ordenador al acceder a determinadas p\u00e1ginas web. Las cookies permiten a una p\u00e1gina web, entre otras cosas, almacenar y recuperar informaci\u00f3n sobre los h\u00e1bitos de navegaci\u00f3n de un usuario o de su equipo y, dependiendo de la informaci\u00f3n que contengan y de la forma en que utilice el equipo, pueden utilizarse para reconocer al usuario. Seg\u00fan quien sea la entidad que gestione el dominio desde donde se env\u00edan las cookies y trate los datos que se obtengan se pueden distinguir dos tipos: cookies propias y cookies de terceros. Existe tambi\u00e9n una segunda clasificaci\u00f3n seg\u00fan el plazo de tiempo que permanecen almacenadas en el navegador del cliente, pudiendo tratarse de cookies de sesi\u00f3n o cookies persistentes. Por \u00faltimo, existe otra clasificaci\u00f3n con cinco tipos de cookies seg\u00fan la finalidad para la que se traten los datos obtenidos: cookies t\u00e9cnicas, cookies de personalizaci\u00f3n, cookies de an\u00e1lisis, cookies publicitarias y cookies de publicidad comportamental. Para m\u00e1s informaci\u00f3n a este respecto puede consultar la gu\u00eda sobre el uso de las cookies de la Agencia Espa\u00f1ola de Protecci\u00f3n de Datos.<\/p>\r\n<h2 id=\"h2_privacidad\">2. \u00bfQu\u00e9 tipo de cookies utiliza esta p\u00e1gina web?<\/h2>\r\n<p class=\"p_privacidad\"><b>Cookies de an\u00e1lisis:<\/b> Son aquellas que bien tratadas por nosotros o por terceros, nos permiten cuantificar el n\u00famero de usuarios y as\u00ed realizar la medici\u00f3n y an\u00e1lisis estad\u00edstico de la utilizaci\u00f3n que hacen los usuarios del servicio ofertado. Para ello se analiza su navegaci\u00f3n en nuestra p\u00e1gina web con el fin de mejorar la oferta de productos o servicios que le ofrecemos. Esta p\u00e1gina web utiliza Google Analytics, un servicio de anal\u00edtica web desarrollada por Google, que permite la medici\u00f3n y an\u00e1lisis de la navegaci\u00f3n en las p\u00e1ginas web. En su navegador podr\u00e1 observar cuatro cookies de este servicio: _utma, _utmb, _utmc y _utmc . Seg\u00fan la tipolog\u00eda anterior se trata de cookies propias, de sesi\u00f3n y de an\u00e1lisis. Puede encontrar m\u00e1s informaci\u00f3n al respecto e inhabilitar el uso de estas cookies en la siguiente direcci\u00f3n: <a href=\"https:\/\/www.google.com\/intl\/es_es\/policies\/technologies\/cookies\">https:\/\/www.google.com\/intl\/es_es\/policies\/technologies\/cookies<\/a><\/br><\/br>\r\nA trav\u00e9s de la anal\u00edtica web se obtiene informaci\u00f3n relativa al n\u00famero de usuarios que acceden a la web, el n\u00famero de p\u00e1ginas vistas, la frecuencia y repetici\u00f3n de las visitas, su duraci\u00f3n, el navegador utilizado, el operador que presta el servicio, el idioma, el terminal que utiliza, o la ciudad a la que est\u00e1 asignada su direcci\u00f3n IP. Informaci\u00f3n que posibilita un mejor y m\u00e1s apropiado servicio por parte de esta p\u00e1gina web.<\/br><\/br>\r\n<b>Cookies de personalizaci\u00f3n:<\/b> Son aquellas que en nuestro caso permiten recordar las preferencias seleccionadas por el usuario durante su previa navegaci\u00f3n por nuestra p\u00e1gina web (por ejemplo, el idioma).<\/br><\/br>\r\n<b>Cookies publicitarias:<\/b> Son aquellas que, bien tratadas por nosotros o por terceros, nos permiten gestionar de la forma m\u00e1s eficaz posible la oferta de los espacios publicitarios que hay en la p\u00e1gina web, adecuando el contenido del anuncio al contenido del servicio solicitado o al uso que realice de nuestra p\u00e1gina web. Para ello podemos analizar sus h\u00e1bitos de navegaci\u00f3n en Internet y podemos mostrarle publicidad relacionada con su perfil de navegaci\u00f3n.<\/p>\r\n<h2 id=\"h2_privacidad\">3. Aceptaci\u00f3n de la Pol\u00edtica de cookies<\/h2>\r\n<p class=\"p_privacidad\">AQUAGRIF, S.L. asume que usted acepta el uso de cookies. No obstante, muestra informaci\u00f3n sobre su pol\u00edtica de cookies en la parte superior de cualquier p\u00e1gina del sitio web con cada inicio de sesi\u00f3n con el objeto de que usted sea consciente.<\/br><\/br>\r\nAnte esta informaci\u00f3n es posible llevar a cabo las siguientes acciones:<\/br><\/br>\r\n<b>Aceptar.<\/b> Para aceptar la colocaci\u00f3n y\/o lectura de las cookies anal\u00edticas de Google.<\/br><\/br>\r\n<b>Modificar su configuraci\u00f3n.<\/b> Podr\u00e1 obtener m\u00e1s informaci\u00f3n sobre qu\u00e9 son las cookies, conocer la pol\u00edtica de cookies de AQUAGRIF, S.L. y modificar la configuraci\u00f3n de su navegador.<\/p>\r\n<h2 id=\"h2_privacidad\">4.\t\u00bfC\u00f3mo bloquear o eliminar las cookies?<\/h2>\r\n<p class=\"p_privacidad\">Puede usted permitir, bloquear o eliminar las cookies instaladas en su equipo mediante la configuraci\u00f3n de las opciones del navegador instalado en su ordenador. En cada navegador la operativa es diferente, la funci\u00f3n de \u2018Ayuda\u201d le mostrar\u00e1 c\u00f3mo hacerlo.<\/br><\/br>\r\nInternet Explorer: <a href=\"http:\/\/windows.microsoft.com\/es-xl\/internet-explorer\/delete-manage-cookies#ie=\u201die-10\u201d\" rel=\"noopener noreferrer\" target=\"_blank\">windows.microsoft.com\/es-xl\/internet-explorer\/delete-manage-cookies#ie=\u201die-10\u201d<\/a><\/br><\/br>\r\nFireFox: <a href=\"http:\/\/support.mozilla.org\/es\/kb\/Borrar%20cookies\" rel=\"noopener noreferrer\" target=\"_blank\">support.mozilla.org\/es\/kb\/Borrar%20cookies<\/a><\/br><\/br>\r\nChrome: <a href=\"http:\/\/support.google.com\/chrome\/answer\/95647?hl=\u201des\u201d\" rel=\"noopener noreferrer\" target=\"_blank\">support.google.com\/chrome\/answer\/95647?hl=\u201des\u201d<\/a><\/br><\/br>\r\nSafari: <a href=\"http:\/\/apple.com\/es\/privacy\/use-of-cookies\" rel=\"noopener noreferrer\" target=\"_blank\">apple.com\/es\/privacy\/use-of-cookies<\/a><\/br><\/br>\r\nAdem\u00e1s, tambi\u00e9n puede gestionar el almac\u00e9n de cookies en su navegador a trav\u00e9s de herramientas como las siguientes:<\/br><\/br>\r\nGhostery: <a href=\"http:\/\/ghostery.com\" rel=\"noopener noreferrer\" target=\"_blank\">ghostery.com<\/a><\/br><\/br>\r\nYour online choices: <a href=\"http:\/\/youronlinechoices.com\/es\" rel=\"noopener noreferrer\" target=\"_blank\">youronlinechoices.com\/es<\/a><\/p>","protected":false},"excerpt":{"rendered":"<p>Definici\u00f3n y funci\u00f3n de las cookies 1. \u00bfQu\u00e9 son las cookies? Una cookie es un fichero que se descarga en su ordenador al acceder a determinadas p\u00e1ginas web. Las cookies permiten a una p\u00e1gina web, entre otras cosas, almacenar y recuperar informaci\u00f3n sobre los h\u00e1bitos de navegaci\u00f3n de un usuario o de su equipo y, &hellip; <a href=\"https:\/\/aquagrif.com\/it\/politica-de-cookies\/\" class=\"more-link\">Continua la lettura di <span class=\"screen-reader-text\">Cookies policy<\/span> <span class=\"meta-nav\">&rarr;<\/span><\/a><\/p>\n","protected":false},"author":1,"featured_media":0,"parent":0,"menu_order":0,"comment_status":"closed","ping_status":"closed","template":"page_empresa_catalogo_contacto.php","meta":[],"yoast_head":"<!-- This site is optimized with the Yoast SEO plugin v20.4 - https:\/\/yoast.com\/wordpress\/plugins\/seo\/ -->\n<title>Cookies policy - Rubinetteria, Sistemi doccia, Rubinetteria da bagno e lavello,...<\/title>\n<meta name=\"robots\" content=\"index, follow, max-snippet:-1, max-image-preview:large, max-video-preview:-1\" \/>\n<link rel=\"canonical\" href=\"https:\/\/aquagrif.com\/politica-de-cookies\/\" \/>\n<meta property=\"og:locale\" content=\"it_IT\" \/>\n<meta property=\"og:type\" content=\"article\" \/>\n<meta property=\"og:title\" content=\"Cookies policy - Rubinetteria, Sistemi doccia, Rubinetteria da bagno e lavello,...\" \/>\n<meta property=\"og:description\" content=\"Definici\u00f3n y funci\u00f3n de las cookies 1. \u00bfQu\u00e9 son las cookies? Una cookie es un fichero que se descarga en su ordenador al acceder a determinadas p\u00e1ginas web. Las cookies permiten a una p\u00e1gina web, entre otras cosas, almacenar y recuperar informaci\u00f3n sobre los h\u00e1bitos de navegaci\u00f3n de un usuario o de su equipo y, &hellip; Continua la lettura di Cookies policy &rarr;\" \/>\n<meta property=\"og:url\" content=\"https:\/\/aquagrif.com\/politica-de-cookies\/\" \/>\n<meta property=\"og:site_name\" content=\"Rubinetteria, Sistemi doccia, Rubinetteria da bagno e lavello,...\" \/>\n<meta property=\"article:publisher\" content=\"https:\/\/www.facebook.com\/pg\/Grifer%c3%ada-AQG-134073837294090\/community\/\" \/>\n<meta property=\"article:modified_time\" content=\"2021-02-09T10:26:03+00:00\" \/>\n<meta name=\"twitter:label1\" content=\"Tempo di lettura stimato\" \/>\n\t<meta name=\"twitter:data1\" content=\"4 minuti\" \/>\n<script type=\"application\/ld+json\" class=\"yoast-schema-graph\">{\"@context\":\"https:\/\/schema.org\",\"@graph\":[{\"@type\":\"WebPage\",\"@id\":\"https:\/\/aquagrif.com\/politica-de-cookies\/\",\"url\":\"https:\/\/aquagrif.com\/politica-de-cookies\/\",\"name\":\"Cookies policy - Rubinetteria, Sistemi doccia, Rubinetteria da bagno e lavello,...\",\"isPartOf\":{\"@id\":\"https:\/\/aquagrif.com\/fr\/#website\"},\"datePublished\":\"2017-11-11T22:42:14+00:00\",\"dateModified\":\"2021-02-09T10:26:03+00:00\",\"breadcrumb\":{\"@id\":\"https:\/\/aquagrif.com\/politica-de-cookies\/#breadcrumb\"},\"inLanguage\":\"it-IT\",\"potentialAction\":[{\"@type\":\"ReadAction\",\"target\":[\"https:\/\/aquagrif.com\/politica-de-cookies\/\"]}]},{\"@type\":\"BreadcrumbList\",\"@id\":\"https:\/\/aquagrif.com\/politica-de-cookies\/#breadcrumb\",\"itemListElement\":[{\"@type\":\"ListItem\",\"position\":1,\"name\":\"Portada\",\"item\":\"https:\/\/aquagrif.com\/fr\/\"},{\"@type\":\"ListItem\",\"position\":2,\"name\":\"Pol\u00edtica de cookies\"}]},{\"@type\":\"WebSite\",\"@id\":\"https:\/\/aquagrif.com\/fr\/#website\",\"url\":\"https:\/\/aquagrif.com\/fr\/\",\"name\":\"Rubinetteria, Sistemi doccia, Rubinetteria da bagno e lavello,...\",\"description\":\"AQG Aquagrif\",\"publisher\":{\"@id\":\"https:\/\/aquagrif.com\/fr\/#organization\"},\"potentialAction\":[{\"@type\":\"SearchAction\",\"target\":{\"@type\":\"EntryPoint\",\"urlTemplate\":\"https:\/\/aquagrif.com\/fr\/?s={search_term_string}\"},\"query-input\":\"required name=search_term_string\"}],\"inLanguage\":\"it-IT\"},{\"@type\":\"Organization\",\"@id\":\"https:\/\/aquagrif.com\/fr\/#organization\",\"name\":\"AQG - Aquagrif S.L.\",\"url\":\"https:\/\/aquagrif.com\/fr\/\",\"logo\":{\"@type\":\"ImageObject\",\"inLanguage\":\"it-IT\",\"@id\":\"https:\/\/aquagrif.com\/fr\/#\/schema\/logo\/image\/\",\"url\":\"https:\/\/aquagrif.com\/wp-content\/uploads\/AQG_Logo_156.png\",\"contentUrl\":\"https:\/\/aquagrif.com\/wp-content\/uploads\/AQG_Logo_156.png\",\"width\":156,\"height\":58,\"caption\":\"AQG - Aquagrif S.L.\"},\"image\":{\"@id\":\"https:\/\/aquagrif.com\/fr\/#\/schema\/logo\/image\/\"},\"sameAs\":[\"https:\/\/www.facebook.com\/pg\/Grifer\u00eda-AQG-134073837294090\/community\/\",\"https:\/\/www.instagram.com\/aqg_aquagrif\/\",\"https:\/\/www.linkedin.com\/company\/10249108\/\",\"https:\/\/www.pinterest.es\/aquagrifsl\/pins\/\"]}]}<\/script>\n<!-- \/ Yoast SEO plugin. -->","yoast_head_json":{"title":"Cookies policy - Rubinetteria, Sistemi doccia, Rubinetteria da bagno e lavello,...","robots":{"index":"index","follow":"follow","max-snippet":"max-snippet:-1","max-image-preview":"max-image-preview:large","max-video-preview":"max-video-preview:-1"},"canonical":"https:\/\/aquagrif.com\/politica-de-cookies\/","og_locale":"it_IT","og_type":"article","og_title":"Cookies policy - Rubinetteria, Sistemi doccia, Rubinetteria da bagno e lavello,...","og_description":"Definici\u00f3n y funci\u00f3n de las cookies 1. \u00bfQu\u00e9 son las cookies? Una cookie es un fichero que se descarga en su ordenador al acceder a determinadas p\u00e1ginas web. Las cookies permiten a una p\u00e1gina web, entre otras cosas, almacenar y recuperar informaci\u00f3n sobre los h\u00e1bitos de navegaci\u00f3n de un usuario o de su equipo y, &hellip; Continua la lettura di Cookies policy &rarr;","og_url":"https:\/\/aquagrif.com\/politica-de-cookies\/","og_site_name":"Rubinetteria, Sistemi doccia, Rubinetteria da bagno e lavello,...","article_publisher":"https:\/\/www.facebook.com\/pg\/Grifer%c3%ada-AQG-134073837294090\/community\/","article_modified_time":"2021-02-09T10:26:03+00:00","twitter_misc":{"Tempo di lettura stimato":"4 minuti"},"schema":{"@context":"https:\/\/schema.org","@graph":[{"@type":"WebPage","@id":"https:\/\/aquagrif.com\/politica-de-cookies\/","url":"https:\/\/aquagrif.com\/politica-de-cookies\/","name":"Cookies policy - Rubinetteria, Sistemi doccia, Rubinetteria da bagno e lavello,...","isPartOf":{"@id":"https:\/\/aquagrif.com\/fr\/#website"},"datePublished":"2017-11-11T22:42:14+00:00","dateModified":"2021-02-09T10:26:03+00:00","breadcrumb":{"@id":"https:\/\/aquagrif.com\/politica-de-cookies\/#breadcrumb"},"inLanguage":"it-IT","potentialAction":[{"@type":"ReadAction","target":["https:\/\/aquagrif.com\/politica-de-cookies\/"]}]},{"@type":"BreadcrumbList","@id":"https:\/\/aquagrif.com\/politica-de-cookies\/#breadcrumb","itemListElement":[{"@type":"ListItem","position":1,"name":"Portada","item":"https:\/\/aquagrif.com\/fr\/"},{"@type":"ListItem","position":2,"name":"Pol\u00edtica de cookies"}]},{"@type":"WebSite","@id":"https:\/\/aquagrif.com\/fr\/#website","url":"https:\/\/aquagrif.com\/fr\/","name":"Rubinetteria, Sistemi doccia, Rubinetteria da bagno e lavello,...","description":"AQG Aquagrif","publisher":{"@id":"https:\/\/aquagrif.com\/fr\/#organization"},"potentialAction":[{"@type":"SearchAction","target":{"@type":"EntryPoint","urlTemplate":"https:\/\/aquagrif.com\/fr\/?s={search_term_string}"},"query-input":"required name=search_term_string"}],"inLanguage":"it-IT"},{"@type":"Organization","@id":"https:\/\/aquagrif.com\/fr\/#organization","name":"AQG - Aquagrif S.L.","url":"https:\/\/aquagrif.com\/fr\/","logo":{"@type":"ImageObject","inLanguage":"it-IT","@id":"https:\/\/aquagrif.com\/fr\/#\/schema\/logo\/image\/","url":"https:\/\/aquagrif.com\/wp-content\/uploads\/AQG_Logo_156.png","contentUrl":"https:\/\/aquagrif.com\/wp-content\/uploads\/AQG_Logo_156.png","width":156,"height":58,"caption":"AQG - Aquagrif S.L."},"image":{"@id":"https:\/\/aquagrif.com\/fr\/#\/schema\/logo\/image\/"},"sameAs":["https:\/\/www.facebook.com\/pg\/Grifer\u00eda-AQG-134073837294090\/community\/","https:\/\/www.instagram.com\/aqg_aquagrif\/","https:\/\/www.linkedin.com\/company\/10249108\/","https:\/\/www.pinterest.es\/aquagrifsl\/pins\/"]}]}},"_links":{"self":[{"href":"https:\/\/aquagrif.com\/it\/wp-json\/wp\/v2\/pages\/8380"}],"collection":[{"href":"https:\/\/aquagrif.com\/it\/wp-json\/wp\/v2\/pages"}],"about":[{"href":"https:\/\/aquagrif.com\/it\/wp-json\/wp\/v2\/types\/page"}],"author":[{"embeddable":true,"href":"https:\/\/aquagrif.com\/it\/wp-json\/wp\/v2\/users\/1"}],"replies":[{"embeddable":true,"href":"https:\/\/aquagrif.com\/it\/wp-json\/wp\/v2\/comments?post=8380"}],"version-history":[{"count":28,"href":"https:\/\/aquagrif.com\/it\/wp-json\/wp\/v2\/pages\/8380\/revisions"}],"predecessor-version":[{"id":21980,"href":"https:\/\/aquagrif.com\/it\/wp-json\/wp\/v2\/pages\/8380\/revisions\/21980"}],"wp:attachment":[{"href":"https:\/\/aquagrif.com\/it\/wp-json\/wp\/v2\/media?parent=8380"}],"curies":[{"name":"wp","href":"https:\/\/api.w.org\/{rel}","templated":true}]}}