{"id":27043,"date":"2025-11-26T14:35:02","date_gmt":"2025-11-26T13:35:02","guid":{"rendered":"https:\/\/aquagrif.com\/?page_id=27043"},"modified":"2025-11-26T15:11:15","modified_gmt":"2025-11-26T14:11:15","slug":"programa-moves-iii","status":"publish","type":"page","link":"https:\/\/aquagrif.com\/fr\/programa-moves-iii\/","title":{"rendered":"Programme MOVES III"},"content":{"rendered":"<h1 id=\"h1_privacidad\">Programme d\u2019incitations \u00e0 la mobilit\u00e9 efficace et durable (Programme MOVES III)<\/h1>\r\n\r\n<p class=\"p_privacidad\"><b>Aquagrif S.L.<\/b> a \u00e9t\u00e9 b\u00e9n\u00e9ficiaire d\u2019une aide financ\u00e9e par <b>l\u2019Union europ\u00e9enne \u2013 NextGenerationEU, dans le cadre du Plan de relance, de transformation et de r\u00e9silience<\/b>, pour <b>l\u2019acquisition d\u2019un v\u00e9hicule \u00e9lectrique<\/b> au titre du <b>Programme d\u2019incitations \u00e0 la mobilit\u00e9 efficace et durable (Programme MOVES III)<\/b>, coordonn\u00e9 par <b>l\u2019IDAE<\/b> et le <b>Minist\u00e8re de la Transition \u00e9cologique et du D\u00e9fi d\u00e9mographique<\/b>.<\/p>\r\n\r\n<h2 id=\"h2_privacidad\">Objectif de l\u2019action :<\/h2>\r\n<p class=\"p_privacidad\">Impulsar una movilidad m\u00e1s eficiente y sostenible, reduciendo el consumo energ\u00e9tico y las emisiones asociadas a la actividad de la empresa.<\/p>\r\n\r\n<h2 id=\"h2_privacidad\">R\u00e9sultat obtenu :<\/h2>\r\n<p class=\"p_privacidad\">Int\u00e9gration d\u2019un v\u00e9hicule \u00e0 moindre impact environnemental, contribuant \u00e0 la d\u00e9carbonation des transports et \u00e0 l\u2019am\u00e9lioration de l\u2019efficacit\u00e9 de nos d\u00e9placements.<\/p>\r\n\r\n<div style=\"padding: 30px 20px 0px 20px;\">\r\n<img alt=\"Logos Moves\" src=\"https:\/\/aquagrif.com\/wp-content\/uploads\/iconos\/CapceleraMoves.png\" \/>\r\n<\/div>","protected":false},"excerpt":{"rendered":"<p>Programme d\u2019incitations \u00e0 la mobilit\u00e9 efficace et durable (Programme MOVES III) Aquagrif S.L. a \u00e9t\u00e9 b\u00e9n\u00e9ficiaire d\u2019une aide financ\u00e9e par l\u2019Union europ\u00e9enne \u2013 NextGenerationEU, dans le cadre du Plan de relance, de transformation et de r\u00e9silience, pour l\u2019acquisition d\u2019un v\u00e9hicule \u00e9lectrique au titre du Programme d\u2019incitations \u00e0 la mobilit\u00e9 efficace et durable (Programme MOVES III), &hellip; <a href=\"https:\/\/aquagrif.com\/fr\/programa-moves-iii\/\" class=\"more-link\">Continuer la lecture de <span class=\"screen-reader-text\">Programme MOVES III<\/span>  <span class=\"meta-nav\">&rarr;<\/span><\/a><\/p>\n","protected":false},"author":2,"featured_media":0,"parent":0,"menu_order":0,"comment_status":"closed","ping_status":"closed","template":"page_empresa_catalogo_contacto.php","meta":[],"yoast_head":"<!-- This site is optimized with the Yoast SEO plugin v20.4 - https:\/\/yoast.com\/wordpress\/plugins\/seo\/ -->\n<title>Programme MOVES III - Robinetterie, syst\u00e8me de douche, Robinetterie pour salle de bain et cuisine...<\/title>\n<meta name=\"robots\" content=\"index, follow, max-snippet:-1, max-image-preview:large, max-video-preview:-1\" \/>\n<link rel=\"canonical\" href=\"https:\/\/aquagrif.com\/programa-moves-iii\/\" \/>\n<meta property=\"og:locale\" content=\"fr_FR\" \/>\n<meta property=\"og:type\" content=\"article\" \/>\n<meta property=\"og:title\" content=\"Programme MOVES III - Robinetterie, syst\u00e8me de douche, Robinetterie pour salle de bain et cuisine...\" \/>\n<meta property=\"og:description\" content=\"Programme d\u2019incitations \u00e0 la mobilit\u00e9 efficace et durable (Programme MOVES III) Aquagrif S.L. a \u00e9t\u00e9 b\u00e9n\u00e9ficiaire d\u2019une aide financ\u00e9e par l\u2019Union europ\u00e9enne \u2013 NextGenerationEU, dans le cadre du Plan de relance, de transformation et de r\u00e9silience, pour l\u2019acquisition d\u2019un v\u00e9hicule \u00e9lectrique au titre du Programme d\u2019incitations \u00e0 la mobilit\u00e9 efficace et durable (Programme MOVES III), &hellip; Continuer la lecture de Programme MOVES III &rarr;\" \/>\n<meta property=\"og:url\" content=\"https:\/\/aquagrif.com\/programa-moves-iii\/\" \/>\n<meta property=\"og:site_name\" content=\"Robinetterie, syst\u00e8me de douche, Robinetterie pour salle de bain et cuisine...\" \/>\n<meta property=\"article:publisher\" content=\"https:\/\/www.facebook.com\/pg\/Grifer%c3%ada-AQG-134073837294090\/community\/\" \/>\n<meta property=\"article:modified_time\" content=\"2025-11-26T14:11:15+00:00\" \/>\n<meta property=\"og:image\" content=\"https:\/\/aquagrif.com\/wp-content\/uploads\/iconos\/CapceleraMoves.png\" \/>\n<meta name=\"twitter:label1\" content=\"Dur\u00e9e de lecture estim\u00e9e\" \/>\n\t<meta name=\"twitter:data1\" content=\"3 minutes\" \/>\n<script type=\"application\/ld+json\" class=\"yoast-schema-graph\">{\"@context\":\"https:\/\/schema.org\",\"@graph\":[{\"@type\":\"WebPage\",\"@id\":\"https:\/\/aquagrif.com\/programa-moves-iii\/\",\"url\":\"https:\/\/aquagrif.com\/programa-moves-iii\/\",\"name\":\"Programme MOVES III - Robinetterie, syst\u00e8me de douche, Robinetterie pour salle de bain et cuisine...\",\"isPartOf\":{\"@id\":\"https:\/\/aquagrif.com\/fr\/#website\"},\"datePublished\":\"2025-11-26T13:35:02+00:00\",\"dateModified\":\"2025-11-26T14:11:15+00:00\",\"breadcrumb\":{\"@id\":\"https:\/\/aquagrif.com\/programa-moves-iii\/#breadcrumb\"},\"inLanguage\":\"fr-FR\",\"potentialAction\":[{\"@type\":\"ReadAction\",\"target\":[\"https:\/\/aquagrif.com\/programa-moves-iii\/\"]}]},{\"@type\":\"BreadcrumbList\",\"@id\":\"https:\/\/aquagrif.com\/programa-moves-iii\/#breadcrumb\",\"itemListElement\":[{\"@type\":\"ListItem\",\"position\":1,\"name\":\"Portada\",\"item\":\"https:\/\/aquagrif.com\/fr\/\"},{\"@type\":\"ListItem\",\"position\":2,\"name\":\"Programa MOVES III\"}]},{\"@type\":\"WebSite\",\"@id\":\"https:\/\/aquagrif.com\/fr\/#website\",\"url\":\"https:\/\/aquagrif.com\/fr\/\",\"name\":\"Robinetterie, syst\u00e8me de douche, Robinetterie pour salle de bain et cuisine...\",\"description\":\"AQG Aquagrif\",\"publisher\":{\"@id\":\"https:\/\/aquagrif.com\/fr\/#organization\"},\"potentialAction\":[{\"@type\":\"SearchAction\",\"target\":{\"@type\":\"EntryPoint\",\"urlTemplate\":\"https:\/\/aquagrif.com\/fr\/?s={search_term_string}\"},\"query-input\":\"required name=search_term_string\"}],\"inLanguage\":\"fr-FR\"},{\"@type\":\"Organization\",\"@id\":\"https:\/\/aquagrif.com\/fr\/#organization\",\"name\":\"AQG - Aquagrif S.L.\",\"url\":\"https:\/\/aquagrif.com\/fr\/\",\"logo\":{\"@type\":\"ImageObject\",\"inLanguage\":\"fr-FR\",\"@id\":\"https:\/\/aquagrif.com\/fr\/#\/schema\/logo\/image\/\",\"url\":\"https:\/\/aquagrif.com\/wp-content\/uploads\/AQG_Logo_156.png\",\"contentUrl\":\"https:\/\/aquagrif.com\/wp-content\/uploads\/AQG_Logo_156.png\",\"width\":156,\"height\":58,\"caption\":\"AQG - Aquagrif S.L.\"},\"image\":{\"@id\":\"https:\/\/aquagrif.com\/fr\/#\/schema\/logo\/image\/\"},\"sameAs\":[\"https:\/\/www.facebook.com\/pg\/Grifer\u00eda-AQG-134073837294090\/community\/\",\"https:\/\/www.instagram.com\/aqg_aquagrif\/\",\"https:\/\/www.linkedin.com\/company\/10249108\/\",\"https:\/\/www.pinterest.es\/aquagrifsl\/pins\/\"]}]}<\/script>\n<!-- \/ Yoast SEO plugin. -->","yoast_head_json":{"title":"Programme MOVES III - Robinetterie, syst\u00e8me de douche, Robinetterie pour salle de bain et cuisine...","robots":{"index":"index","follow":"follow","max-snippet":"max-snippet:-1","max-image-preview":"max-image-preview:large","max-video-preview":"max-video-preview:-1"},"canonical":"https:\/\/aquagrif.com\/programa-moves-iii\/","og_locale":"fr_FR","og_type":"article","og_title":"Programme MOVES III - Robinetterie, syst\u00e8me de douche, Robinetterie pour salle de bain et cuisine...","og_description":"Programme d\u2019incitations \u00e0 la mobilit\u00e9 efficace et durable (Programme MOVES III) Aquagrif S.L. a \u00e9t\u00e9 b\u00e9n\u00e9ficiaire d\u2019une aide financ\u00e9e par l\u2019Union europ\u00e9enne \u2013 NextGenerationEU, dans le cadre du Plan de relance, de transformation et de r\u00e9silience, pour l\u2019acquisition d\u2019un v\u00e9hicule \u00e9lectrique au titre du Programme d\u2019incitations \u00e0 la mobilit\u00e9 efficace et durable (Programme MOVES III), &hellip; Continuer la lecture de Programme MOVES III &rarr;","og_url":"https:\/\/aquagrif.com\/programa-moves-iii\/","og_site_name":"Robinetterie, syst\u00e8me de douche, Robinetterie pour salle de bain et cuisine...","article_publisher":"https:\/\/www.facebook.com\/pg\/Grifer%c3%ada-AQG-134073837294090\/community\/","article_modified_time":"2025-11-26T14:11:15+00:00","og_image":[{"url":"https:\/\/aquagrif.com\/wp-content\/uploads\/iconos\/CapceleraMoves.png"}],"twitter_misc":{"Dur\u00e9e de lecture estim\u00e9e":"3 minutes"},"schema":{"@context":"https:\/\/schema.org","@graph":[{"@type":"WebPage","@id":"https:\/\/aquagrif.com\/programa-moves-iii\/","url":"https:\/\/aquagrif.com\/programa-moves-iii\/","name":"Programme MOVES III - Robinetterie, syst\u00e8me de douche, Robinetterie pour salle de bain et cuisine...","isPartOf":{"@id":"https:\/\/aquagrif.com\/fr\/#website"},"datePublished":"2025-11-26T13:35:02+00:00","dateModified":"2025-11-26T14:11:15+00:00","breadcrumb":{"@id":"https:\/\/aquagrif.com\/programa-moves-iii\/#breadcrumb"},"inLanguage":"fr-FR","potentialAction":[{"@type":"ReadAction","target":["https:\/\/aquagrif.com\/programa-moves-iii\/"]}]},{"@type":"BreadcrumbList","@id":"https:\/\/aquagrif.com\/programa-moves-iii\/#breadcrumb","itemListElement":[{"@type":"ListItem","position":1,"name":"Portada","item":"https:\/\/aquagrif.com\/fr\/"},{"@type":"ListItem","position":2,"name":"Programa MOVES III"}]},{"@type":"WebSite","@id":"https:\/\/aquagrif.com\/fr\/#website","url":"https:\/\/aquagrif.com\/fr\/","name":"Robinetterie, syst\u00e8me de douche, Robinetterie pour salle de bain et cuisine...","description":"AQG Aquagrif","publisher":{"@id":"https:\/\/aquagrif.com\/fr\/#organization"},"potentialAction":[{"@type":"SearchAction","target":{"@type":"EntryPoint","urlTemplate":"https:\/\/aquagrif.com\/fr\/?s={search_term_string}"},"query-input":"required name=search_term_string"}],"inLanguage":"fr-FR"},{"@type":"Organization","@id":"https:\/\/aquagrif.com\/fr\/#organization","name":"AQG - Aquagrif S.L.","url":"https:\/\/aquagrif.com\/fr\/","logo":{"@type":"ImageObject","inLanguage":"fr-FR","@id":"https:\/\/aquagrif.com\/fr\/#\/schema\/logo\/image\/","url":"https:\/\/aquagrif.com\/wp-content\/uploads\/AQG_Logo_156.png","contentUrl":"https:\/\/aquagrif.com\/wp-content\/uploads\/AQG_Logo_156.png","width":156,"height":58,"caption":"AQG - Aquagrif S.L."},"image":{"@id":"https:\/\/aquagrif.com\/fr\/#\/schema\/logo\/image\/"},"sameAs":["https:\/\/www.facebook.com\/pg\/Grifer\u00eda-AQG-134073837294090\/community\/","https:\/\/www.instagram.com\/aqg_aquagrif\/","https:\/\/www.linkedin.com\/company\/10249108\/","https:\/\/www.pinterest.es\/aquagrifsl\/pins\/"]}]}},"_links":{"self":[{"href":"https:\/\/aquagrif.com\/fr\/wp-json\/wp\/v2\/pages\/27043"}],"collection":[{"href":"https:\/\/aquagrif.com\/fr\/wp-json\/wp\/v2\/pages"}],"about":[{"href":"https:\/\/aquagrif.com\/fr\/wp-json\/wp\/v2\/types\/page"}],"author":[{"embeddable":true,"href":"https:\/\/aquagrif.com\/fr\/wp-json\/wp\/v2\/users\/2"}],"replies":[{"embeddable":true,"href":"https:\/\/aquagrif.com\/fr\/wp-json\/wp\/v2\/comments?post=27043"}],"version-history":[{"count":14,"href":"https:\/\/aquagrif.com\/fr\/wp-json\/wp\/v2\/pages\/27043\/revisions"}],"predecessor-version":[{"id":27057,"href":"https:\/\/aquagrif.com\/fr\/wp-json\/wp\/v2\/pages\/27043\/revisions\/27057"}],"wp:attachment":[{"href":"https:\/\/aquagrif.com\/fr\/wp-json\/wp\/v2\/media?parent=27043"}],"curies":[{"name":"wp","href":"https:\/\/api.w.org\/{rel}","templated":true}]}}